{"id":20,"date":"2022-04-07T19:40:45","date_gmt":"2022-04-07T19:40:45","guid":{"rendered":"https:\/\/elean-team.de\/?page_id=20"},"modified":"2024-12-19T11:44:13","modified_gmt":"2024-12-19T11:44:13","slug":"impressum","status":"publish","type":"page","link":"https:\/\/elean-team.de\/index.php\/impressum\/","title":{"rendered":"Impressum"},"content":{"rendered":"<section  class='av_textblock_section av-l1q06ysh-a7e4e47ce95f64b3bcfe7312ee88372c '   itemscope=\"itemscope\" itemtype=\"https:\/\/schema.org\/CreativeWork\" ><div class='avia_textblock'  itemprop=\"text\" ><h1 style=\"text-align: center;\">Impressum<\/h1>\n\n<style type=\"text\/css\" data-created_by=\"avia_inline_auto\" id=\"style-css-av-378vo-d15875e34df89097bfcbfea2fe1ba5ec\">\n.av_font_icon.av-378vo-d15875e34df89097bfcbfea2fe1ba5ec{\ncolor:#b02b2c;\nborder-color:#b02b2c;\n}\n.av_font_icon.av-378vo-d15875e34df89097bfcbfea2fe1ba5ec .av-icon-char{\nfont-size:40px;\nline-height:40px;\n}\n<\/style>\n<span  class='av_font_icon av-378vo-d15875e34df89097bfcbfea2fe1ba5ec avia_animate_when_visible av-icon-style- avia-icon-pos-center avia-icon-animate'><span class='av-icon-char' aria-hidden='true' data-av_icon='\uf219' data-av_iconfont='fontello' ><\/span><\/span>\n<\/div><\/section>\n<div  class='flex_column av-1a8wo-bfa28e6a5fee6e5e39d9d4ad071f2ecb av_one_third  avia-builder-el-2  el_after_av_textblock  el_before_av_two_third  first flex_column_div  column-top-margin'     ><section  class='av_textblock_section av-l1q0bdg3-b168c65877b30c8b30de330860e9faa0 '   itemscope=\"itemscope\" itemtype=\"https:\/\/schema.org\/CreativeWork\" ><div class='avia_textblock'  itemprop=\"text\" ><h3 class=\"p1\">Informationen \u00fcber den Diensteanbieter.<\/h3>\n<p class=\"p1\"><span class=\"s1\"><strong>Elean GmbH &amp; Co.KG<\/strong><br \/>\nAuf Lauen 11<br \/>\n72461 Onstmettingen<br \/>\n<\/span><\/p>\n<p class=\"p1\"><span class=\"s1\">Handelsregister: HRA738156<br \/>\nRegistergericht: Stuttgart<\/span><\/p>\n<p class=\"p1\"><span class=\"s1\"><strong>Vertreten durch:<\/strong><br \/>\n<strong>Elean Verwaltungs GmbH<\/strong><br \/>\nAuf Lauen 11<br \/>\n72461 Onstmettingen<br \/>\n<\/span><\/p>\n<p class=\"p1\"><span class=\"s1\">Diese vertreten durch: Holger Fischer<\/span><\/p>\n<p class=\"p1\"><span class=\"s1\">Handelsregister: HRA738156<br \/>\nRegistergericht: Stuttgart<\/span><\/p>\n<h4 class=\"p1\"><span class=\"s1\">KONTAKT<\/span><\/h4>\n<p class=\"p1\"><span class=\"s1\">Telefon: 0151 12296619<br \/>\nE-Mail: <a href=\"mailto:office@elean-team.de\">office@elean-team.de<\/a><\/span><\/p>\n<h4 class=\"p1\"><span class=\"s1\">UMSATZSTEUER-ID<\/span><\/h4>\n<p class=\"p1\"><span class=\"s1\">Umsatzsteuer-Identifikationsnummer gem\u00e4\u00df \u00a7 27 a Umsatzsteuergesetz: DE344773894<\/span><\/p>\n<h4 class=\"p1\"><span class=\"s1\">EU-STREITSCHLICHTUNG<\/span><\/h4>\n<p class=\"p1\"><span class=\"s1\">Die Europ\u00e4ische Kommission stellt eine Plattform zur Online-Streitbeilegung (OS) bereit: <a href=\"https:\/\/ec.europa.eu\/consumers\/odr\/\" target=\"_blank\" rel=\"noopener\">https:\/\/ec.europa.eu\/consumers\/odr\/<\/a>. Unsere E-Mail-Adresse finden Sie oben im Impressum.<\/span><\/p>\n<h4 class=\"p1\"><span class=\"s1\">VERBRAUCHER\u00adSTREIT\u00adBEILEGUNG\/UNIVERSAL\u00adSCHLICHTUNGS\u00adSTELLE<\/span><\/h4>\n<p class=\"p1\"><span class=\"s1\">Wir sind nicht bereit oder verpflichtet, an Streitbeilegungsverfahren vor einer Verbraucherschlichtungsstelle teilzunehmen.<\/span><\/p>\n<\/div><\/section><\/div><div  class='flex_column av-14xjs-789621a190db2ccd74359826d11cd537 av_two_third  avia-builder-el-4  el_after_av_one_third  avia-builder-el-last  flex_column_div  column-top-margin'     ><section  class='av_textblock_section av-l1q08a7l-19464e781331ad751d2f5416d5bdf1f2 '   itemscope=\"itemscope\" itemtype=\"https:\/\/schema.org\/CreativeWork\" ><div class='avia_textblock'  itemprop=\"text\" ><p class=\"p1\"><strong><span class=\"s1\">Haftung f\u00fcr Inhalte<\/span><\/strong><\/p>\n<p class=\"adsimple-322817155\">Wir entwickeln die Inhalte dieser Website st\u00e4ndig weiter und bem\u00fchen uns korrekte und aktuelle Informationen bereitzustellen. Leider k\u00f6nnen wir keine Haftung f\u00fcr die Korrektheit aller Inhalte auf dieser Website \u00fcbernehmen, speziell f\u00fcr jene, die seitens Dritter bereitgestellt wurden. Als Diensteanbieter sind wir nicht verpflichtet, die von Ihnen \u00fcbermittelten oder gespeicherten Informationen zu \u00fcberwachen oder nach Umst\u00e4nden zu forschen, die auf eine rechtswidrige T\u00e4tigkeit hinweisen.<\/p>\n<p class=\"adsimple-322817155\">Unsere Verpflichtungen zur Entfernung von Informationen oder zur Sperrung der Nutzung von Informationen nach den allgemeinen Gesetzen aufgrund von gerichtlichen oder beh\u00f6rdlichen Anordnungen bleiben auch im Falle unserer Nichtverantwortlichkeit davon unber\u00fchrt.<\/p>\n<p class=\"adsimple-322817155\">Sollten Ihnen problematische oder rechtswidrige Inhalte auffallen, bitte wir Sie uns umgehend zu kontaktieren, damit wir die rechtswidrigen Inhalte entfernen k\u00f6nnen. Sie finden die Kontaktdaten im Impressum.<\/p>\n<p class=\"p1\"><strong><span class=\"s1\">Haftung f\u00fcr Links<\/span><\/strong><\/p>\n<p class=\"adsimple-322817155\">Unsere Website enth\u00e4lt Links zu anderen Websites f\u00fcr deren Inhalt wir nicht verantwortlich sind. Haftung f\u00fcr verlinkte Websites besteht f\u00fcr uns nicht, da wir keine Kenntnis rechtswidriger T\u00e4tigkeiten hatten und haben, uns solche Rechtswidrigkeiten auch bisher nicht aufgefallen sind und wir Links sofort entfernen w\u00fcrden, wenn uns Rechtswidrigkeiten bekannt werden.<\/p>\n<p class=\"adsimple-322817155\">Wenn Ihnen rechtswidrige Links auf unserer Website auffallen, bitte wir Sie uns zu kontaktieren. Sie finden die Kontaktdaten im Impressum.<\/p>\n<p class=\"p1\"><strong><span class=\"s1\">Urheberrecht<\/span><\/strong><\/p>\n<p class=\"adsimple-322817155\">Alle Inhalte dieser Webseite (Bilder, Fotos, Texte, Videos) unterliegen dem Urheberrecht. Bitte fragen Sie uns bevor Sie die Inhalte dieser Website verbreiten, vervielf\u00e4ltigen oder verwerten wie zum Beispiel auf anderen Websites erneut ver\u00f6ffentlichen. Falls notwendig, werden wir die unerlaubte Nutzung von Teilen der Inhalte unserer Seite rechtlich verfolgen.<\/p>\n<p class=\"adsimple-322817155\">Sollten Sie auf dieser Webseite Inhalte finden, die das Urheberrecht verletzen, bitten wir Sie uns zu kontaktieren.<\/p>\n<p><strong>Redaktionell verantwortlich<\/strong><\/p>\n<p>Holger Fischer<\/p>\n<h6 class=\"p1\"><span class=\"s1\">Quelle: AdSimple<\/span><\/h6>\n<\/div><\/section><\/div><\/p>\n","protected":false},"excerpt":{"rendered":"","protected":false},"author":1,"featured_media":0,"parent":0,"menu_order":0,"comment_status":"closed","ping_status":"closed","template":"","meta":{"footnotes":""},"class_list":["post-20","page","type-page","status-publish","hentry"],"jetpack_sharing_enabled":true,"_links":{"self":[{"href":"https:\/\/elean-team.de\/index.php\/wp-json\/wp\/v2\/pages\/20","targetHints":{"allow":["GET"]}}],"collection":[{"href":"https:\/\/elean-team.de\/index.php\/wp-json\/wp\/v2\/pages"}],"about":[{"href":"https:\/\/elean-team.de\/index.php\/wp-json\/wp\/v2\/types\/page"}],"author":[{"embeddable":true,"href":"https:\/\/elean-team.de\/index.php\/wp-json\/wp\/v2\/users\/1"}],"replies":[{"embeddable":true,"href":"https:\/\/elean-team.de\/index.php\/wp-json\/wp\/v2\/comments?post=20"}],"version-history":[{"count":11,"href":"https:\/\/elean-team.de\/index.php\/wp-json\/wp\/v2\/pages\/20\/revisions"}],"predecessor-version":[{"id":394,"href":"https:\/\/elean-team.de\/index.php\/wp-json\/wp\/v2\/pages\/20\/revisions\/394"}],"wp:attachment":[{"href":"https:\/\/elean-team.de\/index.php\/wp-json\/wp\/v2\/media?parent=20"}],"curies":[{"name":"wp","href":"https:\/\/api.w.org\/{rel}","templated":true}]}}